{"id":86,"date":"2014-11-03T15:14:21","date_gmt":"2014-11-03T14:14:21","guid":{"rendered":"http:\/\/mkoservices.fr\/?page_id=86"},"modified":"2015-10-26T16:40:30","modified_gmt":"2015-10-26T15:40:30","slug":"brise-soleil-orientable","status":"publish","type":"page","link":"https:\/\/mkoservices.fr\/?page_id=86","title":{"rendered":"Brise soleil orientable"},"content":{"rendered":"<p align=\"LEFT\">Brise-soleil orientable avec entrainement\u00a0\u00e0 moteur ou \u00e0 treuil, en tant que protection contre la chaleur, la lumi\u00e8re et l&rsquo;\u00e9blouissement:<\/p>\n<p align=\"LEFT\">Lames ourl\u00e9es<\/p>\n<p align=\"LEFT\">\u2013 haute stabilit\u00e9<\/p>\n<p align=\"LEFT\">\u2013 reduction du niveau sonore sous l&rsquo;effort du vent<\/p>\n<p align=\"LEFT\">\u2013 guidage par coulisses<\/p>\n<p align=\"LEFT\">Lames plates<\/p>\n<p align=\"LEFT\">\u2013 lamelles extremement flexibles qui reviennent dans leur position d&rsquo;origine apres une surcharge<\/p>\n<p align=\"LEFT\">\u2013 bonne visibilite vers l&rsquo;ext\u00e9rieur que ce soit avec les lamelles inclin\u00e9es ou ouvertes grace au design filigrane des lamelles plates<\/p>\n<p align=\"LEFT\">\u2013 hauteurs de paquet r\u00e9duites<\/p>\n<p align=\"LEFT\">Lames \u00ab\u00a0Z\u00a0\u00bb<\/p>\n<p align=\"LEFT\">\u2013\u00a0Tr\u00e8s haute solidit\u00e9 des lamelles gr\u00e2ce au profile sp\u00e9cial<\/p>\n<p align=\"LEFT\">\u2013 Faible niveau sonore sous la charge du vent gr\u00e2ce au joint roul\u00e9 dans les bords des lamelles<\/p>\n<p align=\"LEFT\">\u2013 Forte occultation gr\u00e2ce au chevauchement des lamelles<\/p>\n<div id=\"attachment_319\" style=\"width: 310px\" class=\"wp-caption alignleft\"><a href=\"http:\/\/mkoservices.fr\/wp-content\/uploads\/2014\/11\/bso-tschoeppe-baisse.jpg\"><img loading=\"lazy\" decoding=\"async\" aria-describedby=\"caption-attachment-319\" class=\"wp-image-319 size-medium\" src=\"http:\/\/mkoservices.fr\/wp-content\/uploads\/2014\/11\/bso-tschoeppe-baisse-300x212.jpg\" alt=\"bso tschoeppe baisse\" width=\"300\" height=\"212\" srcset=\"https:\/\/mkoservices.fr\/wp-content\/uploads\/2014\/11\/bso-tschoeppe-baisse-300x212.jpg 300w, https:\/\/mkoservices.fr\/wp-content\/uploads\/2014\/11\/bso-tschoeppe-baisse-1024x723.jpg 1024w\" sizes=\"auto, (max-width: 300px) 100vw, 300px\" \/><\/a><p id=\"caption-attachment-319\" class=\"wp-caption-text\">brise soleil orientable baiss\u00e9<\/p><\/div>\n<div id=\"attachment_318\" style=\"width: 310px\" class=\"wp-caption alignleft\"><a href=\"http:\/\/mkoservices.fr\/wp-content\/uploads\/2014\/11\/bso-tschoeppe-relev\u00e9.jpg\"><img loading=\"lazy\" decoding=\"async\" aria-describedby=\"caption-attachment-318\" class=\"wp-image-318 size-medium\" src=\"http:\/\/mkoservices.fr\/wp-content\/uploads\/2014\/11\/bso-tschoeppe-relev\u00e9-300x212.jpg\" alt=\"bso tschoeppe relev\u00e9\" width=\"300\" height=\"212\" srcset=\"https:\/\/mkoservices.fr\/wp-content\/uploads\/2014\/11\/bso-tschoeppe-relev\u00e9-300x212.jpg 300w, https:\/\/mkoservices.fr\/wp-content\/uploads\/2014\/11\/bso-tschoeppe-relev\u00e9-1024x723.jpg 1024w\" sizes=\"auto, (max-width: 300px) 100vw, 300px\" \/><\/a><p id=\"caption-attachment-318\" class=\"wp-caption-text\">Brise soleil orientable relev\u00e9<\/p><\/div>\n<div id=\"attachment_323\" style=\"width: 310px\" class=\"wp-caption alignleft\"><a href=\"http:\/\/mkoservices.fr\/wp-content\/uploads\/2014\/11\/bso-waltenheim-sur-zorn-relev\u00e9.jpg\"><img loading=\"lazy\" decoding=\"async\" aria-describedby=\"caption-attachment-323\" class=\"wp-image-323 size-medium\" src=\"http:\/\/mkoservices.fr\/wp-content\/uploads\/2014\/11\/bso-waltenheim-sur-zorn-relev\u00e9-300x212.jpg\" alt=\"bso waltenheim sur zorn relev\u00e9\" width=\"300\" height=\"212\" srcset=\"https:\/\/mkoservices.fr\/wp-content\/uploads\/2014\/11\/bso-waltenheim-sur-zorn-relev\u00e9-300x212.jpg 300w, https:\/\/mkoservices.fr\/wp-content\/uploads\/2014\/11\/bso-waltenheim-sur-zorn-relev\u00e9-1024x723.jpg 1024w\" sizes=\"auto, (max-width: 300px) 100vw, 300px\" \/><\/a><p id=\"caption-attachment-323\" class=\"wp-caption-text\">Maison individuelle Waltenheim \/Zorn<\/p><\/div>\n<div id=\"attachment_324\" style=\"width: 310px\" class=\"wp-caption alignleft\"><a href=\"http:\/\/mkoservices.fr\/wp-content\/uploads\/2014\/11\/bso-waltenheim-sur-zorn-baiss\u00e9.jpg\"><img loading=\"lazy\" decoding=\"async\" aria-describedby=\"caption-attachment-324\" class=\"wp-image-324 size-medium\" src=\"http:\/\/mkoservices.fr\/wp-content\/uploads\/2014\/11\/bso-waltenheim-sur-zorn-baiss\u00e9-300x212.jpg\" alt=\"bso waltenheim sur zorn baiss\u00e9\" width=\"300\" height=\"212\" srcset=\"https:\/\/mkoservices.fr\/wp-content\/uploads\/2014\/11\/bso-waltenheim-sur-zorn-baiss\u00e9-300x212.jpg 300w, https:\/\/mkoservices.fr\/wp-content\/uploads\/2014\/11\/bso-waltenheim-sur-zorn-baiss\u00e9-1024x723.jpg 1024w\" sizes=\"auto, (max-width: 300px) 100vw, 300px\" \/><\/a><p id=\"caption-attachment-324\" class=\"wp-caption-text\">Maison individuelle Waltenheim\/Zorn<\/p><\/div>\n<div id=\"attachment_321\" style=\"width: 310px\" class=\"wp-caption alignleft\"><a href=\"http:\/\/mkoservices.fr\/wp-content\/uploads\/2014\/11\/bso-veranda-seltz.jpg\"><img loading=\"lazy\" decoding=\"async\" aria-describedby=\"caption-attachment-321\" class=\"wp-image-321 size-medium\" src=\"http:\/\/mkoservices.fr\/wp-content\/uploads\/2014\/11\/bso-veranda-seltz-300x212.jpg\" alt=\"bso veranda seltz\" width=\"300\" height=\"212\" srcset=\"https:\/\/mkoservices.fr\/wp-content\/uploads\/2014\/11\/bso-veranda-seltz-300x212.jpg 300w, https:\/\/mkoservices.fr\/wp-content\/uploads\/2014\/11\/bso-veranda-seltz-1024x723.jpg 1024w\" sizes=\"auto, (max-width: 300px) 100vw, 300px\" \/><\/a><p id=\"caption-attachment-321\" class=\"wp-caption-text\">Maison individuelle Seltz<\/p><\/div>\n<div id=\"attachment_326\" style=\"width: 310px\" class=\"wp-caption alignleft\"><a href=\"http:\/\/mkoservices.fr\/wp-content\/uploads\/2014\/11\/rue-du-doubs-strasbourg-1.jpg\"><img loading=\"lazy\" decoding=\"async\" aria-describedby=\"caption-attachment-326\" class=\"wp-image-326 size-medium\" src=\"http:\/\/mkoservices.fr\/wp-content\/uploads\/2014\/11\/rue-du-doubs-strasbourg-1-300x212.jpg\" alt=\"rue du doubs strasbourg 1\" width=\"300\" height=\"212\" srcset=\"https:\/\/mkoservices.fr\/wp-content\/uploads\/2014\/11\/rue-du-doubs-strasbourg-1-300x212.jpg 300w, https:\/\/mkoservices.fr\/wp-content\/uploads\/2014\/11\/rue-du-doubs-strasbourg-1-1024x723.jpg 1024w\" sizes=\"auto, (max-width: 300px) 100vw, 300px\" \/><\/a><p id=\"caption-attachment-326\" class=\"wp-caption-text\">Cr\u00e9dit Mutuel Strasbourg<\/p><\/div>\n<div id=\"attachment_327\" style=\"width: 310px\" class=\"wp-caption alignleft\"><a href=\"http:\/\/mkoservices.fr\/wp-content\/uploads\/2014\/11\/rue-du-doubs-strasbourg-2.jpg\"><img loading=\"lazy\" decoding=\"async\" aria-describedby=\"caption-attachment-327\" class=\"wp-image-327 size-medium\" src=\"http:\/\/mkoservices.fr\/wp-content\/uploads\/2014\/11\/rue-du-doubs-strasbourg-2-300x212.jpg\" alt=\"rue du doubs strasbourg 2\" width=\"300\" height=\"212\" srcset=\"https:\/\/mkoservices.fr\/wp-content\/uploads\/2014\/11\/rue-du-doubs-strasbourg-2-300x212.jpg 300w, https:\/\/mkoservices.fr\/wp-content\/uploads\/2014\/11\/rue-du-doubs-strasbourg-2-1024x723.jpg 1024w\" sizes=\"auto, (max-width: 300px) 100vw, 300px\" \/><\/a><p id=\"caption-attachment-327\" class=\"wp-caption-text\">Cr\u00e9dit Mutuel Strasbourg<\/p><\/div>\n<p><a href=\"http:\/\/mkoservices.fr\/wp-content\/uploads\/2014\/11\/bso-veranda-seltz.jpg\"><br \/>\n<\/a><a href=\"http:\/\/mkoservices.fr\/wp-content\/uploads\/2014\/11\/bso-veranda-seltz.jpg\">\u00a0<\/a><\/p>\n<div id=\"attachment_332\" style=\"width: 310px\" class=\"wp-caption alignleft\"><a href=\"http:\/\/mkoservices.fr\/wp-content\/uploads\/2014\/11\/entreprise-hoerdt-1.jpg\"><img loading=\"lazy\" decoding=\"async\" aria-describedby=\"caption-attachment-332\" class=\"wp-image-332 size-medium\" src=\"http:\/\/mkoservices.fr\/wp-content\/uploads\/2014\/11\/entreprise-hoerdt-1-300x212.jpg\" alt=\"entreprise hoerdt 1\" width=\"300\" height=\"212\" srcset=\"https:\/\/mkoservices.fr\/wp-content\/uploads\/2014\/11\/entreprise-hoerdt-1-300x212.jpg 300w, https:\/\/mkoservices.fr\/wp-content\/uploads\/2014\/11\/entreprise-hoerdt-1-1024x723.jpg 1024w\" sizes=\"auto, (max-width: 300px) 100vw, 300px\" \/><\/a><p id=\"caption-attachment-332\" class=\"wp-caption-text\">Entreprise ZI Hoerdt<\/p><\/div>\n<div id=\"attachment_333\" style=\"width: 310px\" class=\"wp-caption alignleft\"><a href=\"http:\/\/mkoservices.fr\/wp-content\/uploads\/2014\/11\/entreprise-hoerdt-2.jpg\"><img loading=\"lazy\" decoding=\"async\" aria-describedby=\"caption-attachment-333\" class=\"wp-image-333 size-medium\" src=\"http:\/\/mkoservices.fr\/wp-content\/uploads\/2014\/11\/entreprise-hoerdt-2-300x212.jpg\" alt=\"entreprise hoerdt 2\" width=\"300\" height=\"212\" srcset=\"https:\/\/mkoservices.fr\/wp-content\/uploads\/2014\/11\/entreprise-hoerdt-2-300x212.jpg 300w, https:\/\/mkoservices.fr\/wp-content\/uploads\/2014\/11\/entreprise-hoerdt-2-1024x723.jpg 1024w\" sizes=\"auto, (max-width: 300px) 100vw, 300px\" \/><\/a><p id=\"caption-attachment-333\" class=\"wp-caption-text\">Entreprise ZI Hoerdt<\/p><\/div>\n<div id=\"attachment_335\" style=\"width: 222px\" class=\"wp-caption alignleft\"><a href=\"http:\/\/mkoservices.fr\/wp-content\/uploads\/2014\/11\/ecole-ottrott-1.jpg\"><img loading=\"lazy\" decoding=\"async\" aria-describedby=\"caption-attachment-335\" class=\"wp-image-335 size-medium\" src=\"http:\/\/mkoservices.fr\/wp-content\/uploads\/2014\/11\/ecole-ottrott-1-212x300.jpg\" alt=\"ecole ottrott 1\" width=\"212\" height=\"300\" srcset=\"https:\/\/mkoservices.fr\/wp-content\/uploads\/2014\/11\/ecole-ottrott-1-212x300.jpg 212w, https:\/\/mkoservices.fr\/wp-content\/uploads\/2014\/11\/ecole-ottrott-1-723x1024.jpg 723w\" sizes=\"auto, (max-width: 212px) 100vw, 212px\" \/><\/a><p id=\"caption-attachment-335\" class=\"wp-caption-text\">Ecole ottrott<\/p><\/div>\n<div id=\"attachment_336\" style=\"width: 310px\" class=\"wp-caption alignleft\"><a href=\"http:\/\/mkoservices.fr\/wp-content\/uploads\/2014\/11\/ecole-ottrott.jpg\"><img loading=\"lazy\" decoding=\"async\" aria-describedby=\"caption-attachment-336\" class=\"wp-image-336 size-medium\" src=\"http:\/\/mkoservices.fr\/wp-content\/uploads\/2014\/11\/ecole-ottrott-300x212.jpg\" alt=\"ecole ottrott\" width=\"300\" height=\"212\" srcset=\"https:\/\/mkoservices.fr\/wp-content\/uploads\/2014\/11\/ecole-ottrott-300x212.jpg 300w, https:\/\/mkoservices.fr\/wp-content\/uploads\/2014\/11\/ecole-ottrott-1024x723.jpg 1024w\" sizes=\"auto, (max-width: 300px) 100vw, 300px\" \/><\/a><p id=\"caption-attachment-336\" class=\"wp-caption-text\">Ecole ottrott<\/p><\/div>\n<div id=\"attachment_338\" style=\"width: 222px\" class=\"wp-caption alignleft\"><a href=\"http:\/\/mkoservices.fr\/wp-content\/uploads\/2014\/11\/bso-rollin-1.jpg\"><img loading=\"lazy\" decoding=\"async\" aria-describedby=\"caption-attachment-338\" class=\"wp-image-338 size-medium\" src=\"http:\/\/mkoservices.fr\/wp-content\/uploads\/2014\/11\/bso-rollin-1-212x300.jpg\" alt=\"bso rollin 1\" width=\"212\" height=\"300\" srcset=\"https:\/\/mkoservices.fr\/wp-content\/uploads\/2014\/11\/bso-rollin-1-212x300.jpg 212w, https:\/\/mkoservices.fr\/wp-content\/uploads\/2014\/11\/bso-rollin-1-723x1024.jpg 723w\" sizes=\"auto, (max-width: 212px) 100vw, 212px\" \/><\/a><p id=\"caption-attachment-338\" class=\"wp-caption-text\">Maison individuelle Mont sur Meurthe<\/p><\/div>\n<p>&nbsp;<\/p>\n<div id=\"attachment_310\" style=\"width: 222px\" class=\"wp-caption alignleft\"><a href=\"http:\/\/mkoservices.fr\/wp-content\/uploads\/2014\/11\/bso-rollin.jpg\"><img loading=\"lazy\" decoding=\"async\" aria-describedby=\"caption-attachment-310\" class=\"wp-image-310 size-medium\" src=\"http:\/\/mkoservices.fr\/wp-content\/uploads\/2014\/11\/bso-rollin-212x300.jpg\" alt=\"Brise soleil trap\u00e8ze et standard\" width=\"212\" height=\"300\" srcset=\"https:\/\/mkoservices.fr\/wp-content\/uploads\/2014\/11\/bso-rollin-212x300.jpg 212w, https:\/\/mkoservices.fr\/wp-content\/uploads\/2014\/11\/bso-rollin-723x1024.jpg 723w\" sizes=\"auto, (max-width: 212px) 100vw, 212px\" \/><\/a><p id=\"caption-attachment-310\" class=\"wp-caption-text\">Maison individuelle Mont sur Meurthe<\/p><\/div>\n<p>&nbsp;<\/p>\n","protected":false},"excerpt":{"rendered":"<p>Brise-soleil orientable avec entrainement\u00a0\u00e0 moteur ou \u00e0 treuil, en tant que protection contre la chaleur, la lumi\u00e8re et l&rsquo;\u00e9blouissement: Lames ourl\u00e9es \u2013 haute stabilit\u00e9 \u2013 reduction du niveau sonore sous l&rsquo;effort du vent \u2013 guidage par coulisses Lames plates \u2013 lamelles extremement flexibles qui reviennent dans leur position d&rsquo;origine apres une surcharge \u2013 bonne visibilite [&hellip;]<\/p>\n","protected":false},"author":1,"featured_media":310,"parent":0,"menu_order":0,"comment_status":"closed","ping_status":"closed","template":"","meta":{"footnotes":""},"class_list":["post-86","page","type-page","status-publish","has-post-thumbnail","hentry"],"_links":{"self":[{"href":"https:\/\/mkoservices.fr\/index.php?rest_route=\/wp\/v2\/pages\/86","targetHints":{"allow":["GET"]}}],"collection":[{"href":"https:\/\/mkoservices.fr\/index.php?rest_route=\/wp\/v2\/pages"}],"about":[{"href":"https:\/\/mkoservices.fr\/index.php?rest_route=\/wp\/v2\/types\/page"}],"author":[{"embeddable":true,"href":"https:\/\/mkoservices.fr\/index.php?rest_route=\/wp\/v2\/users\/1"}],"replies":[{"embeddable":true,"href":"https:\/\/mkoservices.fr\/index.php?rest_route=%2Fwp%2Fv2%2Fcomments&post=86"}],"version-history":[{"count":12,"href":"https:\/\/mkoservices.fr\/index.php?rest_route=\/wp\/v2\/pages\/86\/revisions"}],"predecessor-version":[{"id":386,"href":"https:\/\/mkoservices.fr\/index.php?rest_route=\/wp\/v2\/pages\/86\/revisions\/386"}],"wp:featuredmedia":[{"embeddable":true,"href":"https:\/\/mkoservices.fr\/index.php?rest_route=\/wp\/v2\/media\/310"}],"wp:attachment":[{"href":"https:\/\/mkoservices.fr\/index.php?rest_route=%2Fwp%2Fv2%2Fmedia&parent=86"}],"curies":[{"name":"wp","href":"https:\/\/api.w.org\/{rel}","templated":true}]}}