{"id":55,"date":"2014-10-06T10:48:51","date_gmt":"2014-10-06T09:48:51","guid":{"rendered":"http:\/\/mkoservices.fr\/?page_id=55"},"modified":"2015-11-04T11:24:40","modified_gmt":"2015-11-04T10:24:40","slug":"protection-solaire","status":"publish","type":"page","link":"https:\/\/mkoservices.fr\/?page_id=55","title":{"rendered":"Protection solaire"},"content":{"rendered":"<p>Une large gamme de protection solaire,<\/p>\n<ul>\n<li>brise soleil orientable<\/li>\n<li>store toile vertical<\/li>\n<li>store toile \u00e0 projection<\/li>\n<li>store banne<\/li>\n<li>store v\u00e9nitien aluminium<\/li>\n<li>store v\u00e9nitien bois<\/li>\n<li>store pliss\u00e9<\/li>\n<\/ul>\n<p>&nbsp;<\/p>\n","protected":false},"excerpt":{"rendered":"<p>Une large gamme de protection solaire, brise soleil orientable store toile vertical store toile \u00e0 projection store banne store v\u00e9nitien aluminium store v\u00e9nitien bois store pliss\u00e9 &nbsp;<\/p>\n","protected":false},"author":1,"featured_media":82,"parent":0,"menu_order":0,"comment_status":"closed","ping_status":"closed","template":"","meta":{"footnotes":""},"class_list":["post-55","page","type-page","status-publish","has-post-thumbnail","hentry"],"_links":{"self":[{"href":"https:\/\/mkoservices.fr\/index.php?rest_route=\/wp\/v2\/pages\/55","targetHints":{"allow":["GET"]}}],"collection":[{"href":"https:\/\/mkoservices.fr\/index.php?rest_route=\/wp\/v2\/pages"}],"about":[{"href":"https:\/\/mkoservices.fr\/index.php?rest_route=\/wp\/v2\/types\/page"}],"author":[{"embeddable":true,"href":"https:\/\/mkoservices.fr\/index.php?rest_route=\/wp\/v2\/users\/1"}],"replies":[{"embeddable":true,"href":"https:\/\/mkoservices.fr\/index.php?rest_route=%2Fwp%2Fv2%2Fcomments&post=55"}],"version-history":[{"count":3,"href":"https:\/\/mkoservices.fr\/index.php?rest_route=\/wp\/v2\/pages\/55\/revisions"}],"predecessor-version":[{"id":437,"href":"https:\/\/mkoservices.fr\/index.php?rest_route=\/wp\/v2\/pages\/55\/revisions\/437"}],"wp:featuredmedia":[{"embeddable":true,"href":"https:\/\/mkoservices.fr\/index.php?rest_route=\/wp\/v2\/media\/82"}],"wp:attachment":[{"href":"https:\/\/mkoservices.fr\/index.php?rest_route=%2Fwp%2Fv2%2Fmedia&parent=55"}],"curies":[{"name":"wp","href":"https:\/\/api.w.org\/{rel}","templated":true}]}}