{"id":41,"date":"2014-10-06T10:32:30","date_gmt":"2014-10-06T09:32:30","guid":{"rendered":"http:\/\/mkoservices.fr\/?page_id=41"},"modified":"2015-10-27T08:46:44","modified_gmt":"2015-10-27T07:46:44","slug":"porte","status":"publish","type":"page","link":"https:\/\/mkoservices.fr\/?page_id=41","title":{"rendered":"Porte d&rsquo;entr\u00e9e"},"content":{"rendered":"<p>Portes d&rsquo;entr\u00e9e en pvc, aluminium, en version standard ou blind\u00e9e<\/p>\n<p>large choix de couleur.<\/p>\n<p>Fabrication fran\u00e7aise<\/p>\n<p><a href=\"http:\/\/mkoservices.fr\/wp-content\/uploads\/2014\/11\/doc-PE_11.jpg\"><img loading=\"lazy\" decoding=\"async\" class=\"alignleft size-medium wp-image-180\" src=\"http:\/\/mkoservices.fr\/wp-content\/uploads\/2014\/11\/doc-PE_11-212x300.jpg\" alt=\"doc PE_11\" width=\"212\" height=\"300\" srcset=\"https:\/\/mkoservices.fr\/wp-content\/uploads\/2014\/11\/doc-PE_11-212x300.jpg 212w, https:\/\/mkoservices.fr\/wp-content\/uploads\/2014\/11\/doc-PE_11-723x1024.jpg 723w\" sizes=\"auto, (max-width: 212px) 100vw, 212px\" \/><\/a> <a href=\"http:\/\/mkoservices.fr\/wp-content\/uploads\/2014\/11\/doc-PE_10.jpg\"><img loading=\"lazy\" decoding=\"async\" class=\"alignleft size-medium wp-image-179\" src=\"http:\/\/mkoservices.fr\/wp-content\/uploads\/2014\/11\/doc-PE_10-212x300.jpg\" alt=\"doc PE_10\" width=\"212\" height=\"300\" srcset=\"https:\/\/mkoservices.fr\/wp-content\/uploads\/2014\/11\/doc-PE_10-212x300.jpg 212w, https:\/\/mkoservices.fr\/wp-content\/uploads\/2014\/11\/doc-PE_10-723x1024.jpg 723w\" sizes=\"auto, (max-width: 212px) 100vw, 212px\" \/><\/a> <a href=\"http:\/\/mkoservices.fr\/wp-content\/uploads\/2014\/11\/doc-PE_09.jpg\"><img loading=\"lazy\" decoding=\"async\" class=\"alignleft size-medium wp-image-178\" src=\"http:\/\/mkoservices.fr\/wp-content\/uploads\/2014\/11\/doc-PE_09-212x300.jpg\" alt=\"doc PE_09\" width=\"212\" height=\"300\" srcset=\"https:\/\/mkoservices.fr\/wp-content\/uploads\/2014\/11\/doc-PE_09-212x300.jpg 212w, https:\/\/mkoservices.fr\/wp-content\/uploads\/2014\/11\/doc-PE_09-723x1024.jpg 723w\" sizes=\"auto, (max-width: 212px) 100vw, 212px\" \/><\/a> <a href=\"http:\/\/mkoservices.fr\/wp-content\/uploads\/2014\/11\/doc-PE_08.jpg\"><img loading=\"lazy\" decoding=\"async\" class=\"alignleft size-medium wp-image-177\" src=\"http:\/\/mkoservices.fr\/wp-content\/uploads\/2014\/11\/doc-PE_08-212x300.jpg\" alt=\"doc PE_08\" width=\"212\" height=\"300\" srcset=\"https:\/\/mkoservices.fr\/wp-content\/uploads\/2014\/11\/doc-PE_08-212x300.jpg 212w, https:\/\/mkoservices.fr\/wp-content\/uploads\/2014\/11\/doc-PE_08-723x1024.jpg 723w\" sizes=\"auto, (max-width: 212px) 100vw, 212px\" \/><\/a> <a href=\"http:\/\/mkoservices.fr\/wp-content\/uploads\/2014\/11\/doc-PE_07.jpg\"><img loading=\"lazy\" decoding=\"async\" class=\"alignleft size-medium wp-image-176\" src=\"http:\/\/mkoservices.fr\/wp-content\/uploads\/2014\/11\/doc-PE_07-212x300.jpg\" alt=\"doc PE_07\" width=\"212\" height=\"300\" srcset=\"https:\/\/mkoservices.fr\/wp-content\/uploads\/2014\/11\/doc-PE_07-212x300.jpg 212w, https:\/\/mkoservices.fr\/wp-content\/uploads\/2014\/11\/doc-PE_07-723x1024.jpg 723w\" sizes=\"auto, (max-width: 212px) 100vw, 212px\" \/><\/a> <a href=\"http:\/\/mkoservices.fr\/wp-content\/uploads\/2014\/11\/doc-PE_06.jpg\"><img loading=\"lazy\" decoding=\"async\" class=\"alignleft size-medium wp-image-175\" src=\"http:\/\/mkoservices.fr\/wp-content\/uploads\/2014\/11\/doc-PE_06-212x300.jpg\" alt=\"doc PE_06\" width=\"212\" height=\"300\" srcset=\"https:\/\/mkoservices.fr\/wp-content\/uploads\/2014\/11\/doc-PE_06-212x300.jpg 212w, https:\/\/mkoservices.fr\/wp-content\/uploads\/2014\/11\/doc-PE_06-723x1024.jpg 723w\" sizes=\"auto, (max-width: 212px) 100vw, 212px\" \/><\/a> <a href=\"http:\/\/mkoservices.fr\/wp-content\/uploads\/2014\/11\/doc-PE_05.jpg\"><img loading=\"lazy\" decoding=\"async\" class=\"alignleft size-medium wp-image-174\" src=\"http:\/\/mkoservices.fr\/wp-content\/uploads\/2014\/11\/doc-PE_05-212x300.jpg\" alt=\"doc PE_05\" width=\"212\" height=\"300\" srcset=\"https:\/\/mkoservices.fr\/wp-content\/uploads\/2014\/11\/doc-PE_05-212x300.jpg 212w, https:\/\/mkoservices.fr\/wp-content\/uploads\/2014\/11\/doc-PE_05-723x1024.jpg 723w\" sizes=\"auto, (max-width: 212px) 100vw, 212px\" \/><\/a> <a href=\"http:\/\/mkoservices.fr\/wp-content\/uploads\/2014\/11\/doc-PE_04.jpg\"><img loading=\"lazy\" decoding=\"async\" class=\"alignleft size-medium wp-image-173\" src=\"http:\/\/mkoservices.fr\/wp-content\/uploads\/2014\/11\/doc-PE_04-212x300.jpg\" alt=\"doc PE_04\" width=\"212\" height=\"300\" srcset=\"https:\/\/mkoservices.fr\/wp-content\/uploads\/2014\/11\/doc-PE_04-212x300.jpg 212w, https:\/\/mkoservices.fr\/wp-content\/uploads\/2014\/11\/doc-PE_04-723x1024.jpg 723w\" sizes=\"auto, (max-width: 212px) 100vw, 212px\" \/><\/a> <a href=\"http:\/\/mkoservices.fr\/wp-content\/uploads\/2014\/11\/doc-PE_02.jpg\"><img loading=\"lazy\" decoding=\"async\" class=\"alignleft size-medium wp-image-171\" src=\"http:\/\/mkoservices.fr\/wp-content\/uploads\/2014\/11\/doc-PE_02-212x300.jpg\" alt=\"doc PE_02\" width=\"212\" height=\"300\" srcset=\"https:\/\/mkoservices.fr\/wp-content\/uploads\/2014\/11\/doc-PE_02-212x300.jpg 212w, https:\/\/mkoservices.fr\/wp-content\/uploads\/2014\/11\/doc-PE_02-723x1024.jpg 723w\" sizes=\"auto, (max-width: 212px) 100vw, 212px\" \/><\/a> <a href=\"http:\/\/mkoservices.fr\/wp-content\/uploads\/2014\/11\/doc-PE_01.jpg\"><img loading=\"lazy\" decoding=\"async\" class=\"alignleft size-medium wp-image-170\" src=\"http:\/\/mkoservices.fr\/wp-content\/uploads\/2014\/11\/doc-PE_01-212x300.jpg\" alt=\"doc PE_01\" width=\"212\" height=\"300\" srcset=\"https:\/\/mkoservices.fr\/wp-content\/uploads\/2014\/11\/doc-PE_01-212x300.jpg 212w, https:\/\/mkoservices.fr\/wp-content\/uploads\/2014\/11\/doc-PE_01-723x1024.jpg 723w\" sizes=\"auto, (max-width: 212px) 100vw, 212px\" \/><\/a><\/p>\n","protected":false},"excerpt":{"rendered":"<p>Portes d&rsquo;entr\u00e9e en pvc, aluminium, en version standard ou blind\u00e9e large choix de couleur. Fabrication fran\u00e7aise<\/p>\n","protected":false},"author":1,"featured_media":410,"parent":0,"menu_order":0,"comment_status":"closed","ping_status":"closed","template":"","meta":{"footnotes":""},"class_list":["post-41","page","type-page","status-publish","has-post-thumbnail","hentry"],"_links":{"self":[{"href":"https:\/\/mkoservices.fr\/index.php?rest_route=\/wp\/v2\/pages\/41","targetHints":{"allow":["GET"]}}],"collection":[{"href":"https:\/\/mkoservices.fr\/index.php?rest_route=\/wp\/v2\/pages"}],"about":[{"href":"https:\/\/mkoservices.fr\/index.php?rest_route=\/wp\/v2\/types\/page"}],"author":[{"embeddable":true,"href":"https:\/\/mkoservices.fr\/index.php?rest_route=\/wp\/v2\/users\/1"}],"replies":[{"embeddable":true,"href":"https:\/\/mkoservices.fr\/index.php?rest_route=%2Fwp%2Fv2%2Fcomments&post=41"}],"version-history":[{"count":4,"href":"https:\/\/mkoservices.fr\/index.php?rest_route=\/wp\/v2\/pages\/41\/revisions"}],"predecessor-version":[{"id":411,"href":"https:\/\/mkoservices.fr\/index.php?rest_route=\/wp\/v2\/pages\/41\/revisions\/411"}],"wp:featuredmedia":[{"embeddable":true,"href":"https:\/\/mkoservices.fr\/index.php?rest_route=\/wp\/v2\/media\/410"}],"wp:attachment":[{"href":"https:\/\/mkoservices.fr\/index.php?rest_route=%2Fwp%2Fv2%2Fmedia&parent=41"}],"curies":[{"name":"wp","href":"https:\/\/api.w.org\/{rel}","templated":true}]}}