{"id":38,"date":"2014-10-06T10:26:50","date_gmt":"2014-10-06T09:26:50","guid":{"rendered":"http:\/\/mkoservices.fr\/?page_id=38"},"modified":"2015-10-26T14:46:08","modified_gmt":"2015-10-26T13:46:08","slug":"fenetre","status":"publish","type":"page","link":"https:\/\/mkoservices.fr\/?page_id=38","title":{"rendered":"Fen\u00eatres"},"content":{"rendered":"<h2><span style=\"text-decoration: underline;\"><strong>Fabrication fran\u00e7aise<\/strong><\/span><\/h2>\n<h3><strong><span style=\"color: #000000;\">Fen\u00eatre pvc<\/span><\/strong><\/h3>\n<h3><strong>Fen\u00eatre bois<\/strong><\/h3>\n<h3><strong>Fen\u00eatre aluminium<\/strong><\/h3>\n<p><a href=\"http:\/\/mkoservices.fr\/wp-content\/uploads\/2014\/11\/ecole-ottrott.jpg\"><img loading=\"lazy\" decoding=\"async\" class=\"alignleft size-medium wp-image-336\" src=\"http:\/\/mkoservices.fr\/wp-content\/uploads\/2014\/11\/ecole-ottrott-300x212.jpg\" alt=\"ecole ottrott\" width=\"300\" height=\"212\" srcset=\"https:\/\/mkoservices.fr\/wp-content\/uploads\/2014\/11\/ecole-ottrott-300x212.jpg 300w, https:\/\/mkoservices.fr\/wp-content\/uploads\/2014\/11\/ecole-ottrott-1024x723.jpg 1024w\" sizes=\"auto, (max-width: 300px) 100vw, 300px\" \/><br \/>\n<\/a><\/p>\n<p><a href=\"http:\/\/mkoservices.fr\/wp-content\/uploads\/2014\/11\/Design-Neo.jpg\"><img loading=\"lazy\" decoding=\"async\" class=\"alignleft size-medium wp-image-201\" src=\"http:\/\/mkoservices.fr\/wp-content\/uploads\/2014\/11\/Design-Neo-298x300.jpg\" alt=\"6C\" width=\"298\" height=\"300\" srcset=\"https:\/\/mkoservices.fr\/wp-content\/uploads\/2014\/11\/Design-Neo-298x300.jpg 298w, https:\/\/mkoservices.fr\/wp-content\/uploads\/2014\/11\/Design-Neo-150x150.jpg 150w, https:\/\/mkoservices.fr\/wp-content\/uploads\/2014\/11\/Design-Neo-1018x1024.jpg 1018w\" sizes=\"auto, (max-width: 298px) 100vw, 298px\" \/><\/a><\/p>\n<p><a href=\"http:\/\/mkoservices.fr\/wp-content\/uploads\/2014\/11\/Bloc-Baie-Coffre-Exterieur.jpg\"><img loading=\"lazy\" decoding=\"async\" class=\"alignleft size-medium wp-image-200\" src=\"http:\/\/mkoservices.fr\/wp-content\/uploads\/2014\/11\/Bloc-Baie-Coffre-Exterieur-238x300.jpg\" alt=\"Bloc Baie Coffre Exterieur\" width=\"238\" height=\"300\" srcset=\"https:\/\/mkoservices.fr\/wp-content\/uploads\/2014\/11\/Bloc-Baie-Coffre-Exterieur-238x300.jpg 238w, https:\/\/mkoservices.fr\/wp-content\/uploads\/2014\/11\/Bloc-Baie-Coffre-Exterieur-813x1024.jpg 813w, https:\/\/mkoservices.fr\/wp-content\/uploads\/2014\/11\/Bloc-Baie-Coffre-Exterieur.jpg 1204w\" sizes=\"auto, (max-width: 238px) 100vw, 238px\" \/><\/a><\/p>\n<p><a href=\"http:\/\/mkoservices.fr\/wp-content\/uploads\/2014\/11\/Fenetre-Coloris-Chene-Dore.jpg\"><img loading=\"lazy\" decoding=\"async\" class=\"alignleft size-medium wp-image-202\" src=\"http:\/\/mkoservices.fr\/wp-content\/uploads\/2014\/11\/Fenetre-Coloris-Chene-Dore-225x300.jpg\" alt=\"Fenetre Coloris Chene Dore\" width=\"225\" height=\"300\" srcset=\"https:\/\/mkoservices.fr\/wp-content\/uploads\/2014\/11\/Fenetre-Coloris-Chene-Dore-225x300.jpg 225w, https:\/\/mkoservices.fr\/wp-content\/uploads\/2014\/11\/Fenetre-Coloris-Chene-Dore-768x1024.jpg 768w\" sizes=\"auto, (max-width: 225px) 100vw, 225px\" \/><\/a><\/p>\n","protected":false},"excerpt":{"rendered":"<p>Fabrication fran\u00e7aise Fen\u00eatre pvc Fen\u00eatre bois Fen\u00eatre aluminium<\/p>\n","protected":false},"author":1,"featured_media":315,"parent":0,"menu_order":0,"comment_status":"closed","ping_status":"closed","template":"","meta":{"footnotes":""},"class_list":["post-38","page","type-page","status-publish","has-post-thumbnail","hentry"],"_links":{"self":[{"href":"https:\/\/mkoservices.fr\/index.php?rest_route=\/wp\/v2\/pages\/38","targetHints":{"allow":["GET"]}}],"collection":[{"href":"https:\/\/mkoservices.fr\/index.php?rest_route=\/wp\/v2\/pages"}],"about":[{"href":"https:\/\/mkoservices.fr\/index.php?rest_route=\/wp\/v2\/types\/page"}],"author":[{"embeddable":true,"href":"https:\/\/mkoservices.fr\/index.php?rest_route=\/wp\/v2\/users\/1"}],"replies":[{"embeddable":true,"href":"https:\/\/mkoservices.fr\/index.php?rest_route=%2Fwp%2Fv2%2Fcomments&post=38"}],"version-history":[{"count":10,"href":"https:\/\/mkoservices.fr\/index.php?rest_route=\/wp\/v2\/pages\/38\/revisions"}],"predecessor-version":[{"id":362,"href":"https:\/\/mkoservices.fr\/index.php?rest_route=\/wp\/v2\/pages\/38\/revisions\/362"}],"wp:featuredmedia":[{"embeddable":true,"href":"https:\/\/mkoservices.fr\/index.php?rest_route=\/wp\/v2\/media\/315"}],"wp:attachment":[{"href":"https:\/\/mkoservices.fr\/index.php?rest_route=%2Fwp%2Fv2%2Fmedia&parent=38"}],"curies":[{"name":"wp","href":"https:\/\/api.w.org\/{rel}","templated":true}]}}