{"id":24,"date":"2014-09-28T15:02:28","date_gmt":"2014-09-28T14:02:28","guid":{"rendered":"http:\/\/localhost\/mkoservices\/?page_id=24"},"modified":"2014-10-06T10:23:53","modified_gmt":"2014-10-06T09:23:53","slug":"services","status":"publish","type":"page","link":"https:\/\/mkoservices.fr\/?page_id=24","title":{"rendered":"Services"},"content":{"rendered":"<p style=\"text-align: justify;\">Une gamme compl\u00e8te de vos fermetures \u00e0\u00a0votre disposition, tel que la <span style=\"color: #ff0000;\"><strong>vente<\/strong><\/span>, <span style=\"color: #ff0000;\"><strong>l&rsquo;entretien<\/strong><\/span>, la <span style=\"color: #ff0000;\"><strong>r\u00e9paration<\/strong> <\/span>et les <span style=\"color: #ff0000;\"><strong>remplacements<\/strong> <\/span>de :<\/p>\n<ul>\n<li>Fen\u00eatre<\/li>\n<li>Porte<\/li>\n<li>Volet<\/li>\n<li>Store<\/li>\n<li>Pergolas<\/li>\n<li>Brise soleil orientable<\/li>\n<li>Rideau m\u00e9tallique et autres fermetures en neuf et en r\u00e9novation<\/li>\n<li>Motorisation de vos volets roulants et battants<\/li>\n<li>Automatisation de vos fermetures avec contr\u00f4le \u00e0 distance<\/li>\n<\/ul>\n<hr \/>\n<p>&nbsp;<\/p>\n<p>&nbsp;<\/p>\n","protected":false},"excerpt":{"rendered":"<p>Une gamme compl\u00e8te de vos fermetures \u00e0\u00a0votre disposition, tel que la vente, l&rsquo;entretien, la r\u00e9paration et les remplacements de : Fen\u00eatre Porte Volet Store Pergolas Brise soleil orientable Rideau m\u00e9tallique et autres fermetures en neuf et en r\u00e9novation Motorisation de vos volets roulants et battants Automatisation de vos fermetures avec contr\u00f4le \u00e0 distance &nbsp; &nbsp;<\/p>\n","protected":false},"author":1,"featured_media":0,"parent":0,"menu_order":0,"comment_status":"closed","ping_status":"closed","template":"","meta":{"footnotes":""},"class_list":["post-24","page","type-page","status-publish","hentry"],"_links":{"self":[{"href":"https:\/\/mkoservices.fr\/index.php?rest_route=\/wp\/v2\/pages\/24","targetHints":{"allow":["GET"]}}],"collection":[{"href":"https:\/\/mkoservices.fr\/index.php?rest_route=\/wp\/v2\/pages"}],"about":[{"href":"https:\/\/mkoservices.fr\/index.php?rest_route=\/wp\/v2\/types\/page"}],"author":[{"embeddable":true,"href":"https:\/\/mkoservices.fr\/index.php?rest_route=\/wp\/v2\/users\/1"}],"replies":[{"embeddable":true,"href":"https:\/\/mkoservices.fr\/index.php?rest_route=%2Fwp%2Fv2%2Fcomments&post=24"}],"version-history":[{"count":4,"href":"https:\/\/mkoservices.fr\/index.php?rest_route=\/wp\/v2\/pages\/24\/revisions"}],"predecessor-version":[{"id":37,"href":"https:\/\/mkoservices.fr\/index.php?rest_route=\/wp\/v2\/pages\/24\/revisions\/37"}],"wp:attachment":[{"href":"https:\/\/mkoservices.fr\/index.php?rest_route=%2Fwp%2Fv2%2Fmedia&parent=24"}],"curies":[{"name":"wp","href":"https:\/\/api.w.org\/{rel}","templated":true}]}}