{"id":223,"date":"2014-11-11T15:33:25","date_gmt":"2014-11-11T14:33:25","guid":{"rendered":"http:\/\/mkoservices.fr\/?page_id=223"},"modified":"2015-10-27T18:08:43","modified_gmt":"2015-10-27T17:08:43","slug":"rideau-de-separation-de-salle-de-sport-2","status":"publish","type":"page","link":"https:\/\/mkoservices.fr\/?page_id=223","title":{"rendered":"Rideau de s\u00e9paration de salle de sport"},"content":{"rendered":"<p>Rideau s\u00e9parateur de salle de sport man\u0153uvre \u00e9lectrique:<\/p>\n<p>Filet toile \u00e0 empilement<\/p>\n<p>Toile toute hauteur \u00e0 empilement, \u00e0 enroulement<\/p>\n<p>Toile fixe<\/p>\n<div id=\"attachment_376\" style=\"width: 310px\" class=\"wp-caption alignleft\"><a href=\"http:\/\/mkoservices.fr\/wp-content\/uploads\/2014\/11\/rideau-furdenheim-3.jpg\"><img loading=\"lazy\" decoding=\"async\" aria-describedby=\"caption-attachment-376\" class=\"wp-image-376 size-medium\" src=\"http:\/\/mkoservices.fr\/wp-content\/uploads\/2014\/11\/rideau-furdenheim-3-300x212.jpg\" alt=\"rideau furdenheim 3\" width=\"300\" height=\"212\" srcset=\"https:\/\/mkoservices.fr\/wp-content\/uploads\/2014\/11\/rideau-furdenheim-3-300x212.jpg 300w, https:\/\/mkoservices.fr\/wp-content\/uploads\/2014\/11\/rideau-furdenheim-3-1024x723.jpg 1024w\" sizes=\"auto, (max-width: 300px) 100vw, 300px\" \/><\/a><p id=\"caption-attachment-376\" class=\"wp-caption-text\">rideau s\u00e9parateur toile double peau \u00e0 empilement<\/p><\/div>\n<div id=\"attachment_374\" style=\"width: 310px\" class=\"wp-caption alignleft\"><a href=\"http:\/\/mkoservices.fr\/wp-content\/uploads\/2014\/11\/rideau-furdenheim-2.jpg\"><img loading=\"lazy\" decoding=\"async\" aria-describedby=\"caption-attachment-374\" class=\"wp-image-374 size-medium\" src=\"http:\/\/mkoservices.fr\/wp-content\/uploads\/2014\/11\/rideau-furdenheim-2-300x212.jpg\" alt=\"rideau furdenheim 2\" width=\"300\" height=\"212\" srcset=\"https:\/\/mkoservices.fr\/wp-content\/uploads\/2014\/11\/rideau-furdenheim-2-300x212.jpg 300w, https:\/\/mkoservices.fr\/wp-content\/uploads\/2014\/11\/rideau-furdenheim-2-1024x723.jpg 1024w\" sizes=\"auto, (max-width: 300px) 100vw, 300px\" \/><\/a><p id=\"caption-attachment-374\" class=\"wp-caption-text\">rideau s\u00e9parateur double peau \u00e0 empilement<\/p><\/div>\n<div id=\"attachment_375\" style=\"width: 310px\" class=\"wp-caption alignleft\"><a href=\"http:\/\/mkoservices.fr\/wp-content\/uploads\/2014\/11\/rideau-furdenheim-1.jpg\"><img loading=\"lazy\" decoding=\"async\" aria-describedby=\"caption-attachment-375\" class=\"wp-image-375 size-medium\" src=\"http:\/\/mkoservices.fr\/wp-content\/uploads\/2014\/11\/rideau-furdenheim-1-300x212.jpg\" alt=\"rideau furdenheim 1\" width=\"300\" height=\"212\" srcset=\"https:\/\/mkoservices.fr\/wp-content\/uploads\/2014\/11\/rideau-furdenheim-1-300x212.jpg 300w, https:\/\/mkoservices.fr\/wp-content\/uploads\/2014\/11\/rideau-furdenheim-1-1024x723.jpg 1024w\" sizes=\"auto, (max-width: 300px) 100vw, 300px\" \/><\/a><p id=\"caption-attachment-375\" class=\"wp-caption-text\">rideau s\u00e9parateur double peau \u00e0 empilement<\/p><\/div>\n<div id=\"attachment_373\" style=\"width: 310px\" class=\"wp-caption alignleft\"><a href=\"http:\/\/mkoservices.fr\/wp-content\/uploads\/2014\/11\/rideau-filet-toile-relev\u00e9.jpg\"><img loading=\"lazy\" decoding=\"async\" aria-describedby=\"caption-attachment-373\" class=\"wp-image-373 size-medium\" src=\"http:\/\/mkoservices.fr\/wp-content\/uploads\/2014\/11\/rideau-filet-toile-relev\u00e9-300x212.jpg\" alt=\"rideau filet toile relev\u00e9\" width=\"300\" height=\"212\" srcset=\"https:\/\/mkoservices.fr\/wp-content\/uploads\/2014\/11\/rideau-filet-toile-relev\u00e9-300x212.jpg 300w, https:\/\/mkoservices.fr\/wp-content\/uploads\/2014\/11\/rideau-filet-toile-relev\u00e9-1024x723.jpg 1024w\" sizes=\"auto, (max-width: 300px) 100vw, 300px\" \/><\/a><p id=\"caption-attachment-373\" class=\"wp-caption-text\">rideau filet toile \u00e0 double peau relev\u00e9<\/p><\/div>\n<div id=\"attachment_368\" style=\"width: 310px\" class=\"wp-caption alignleft\"><a href=\"http:\/\/mkoservices.fr\/wp-content\/uploads\/2015\/10\/rideau-s\u00e9parateur-seltz.jpg\"><img loading=\"lazy\" decoding=\"async\" aria-describedby=\"caption-attachment-368\" class=\"wp-image-368 size-medium\" src=\"http:\/\/mkoservices.fr\/wp-content\/uploads\/2015\/10\/rideau-s\u00e9parateur-seltz-300x212.jpg\" alt=\"rideau s\u00e9parateur seltz\" width=\"300\" height=\"212\" srcset=\"https:\/\/mkoservices.fr\/wp-content\/uploads\/2015\/10\/rideau-s\u00e9parateur-seltz-300x212.jpg 300w, https:\/\/mkoservices.fr\/wp-content\/uploads\/2015\/10\/rideau-s\u00e9parateur-seltz-1024x723.jpg 1024w\" sizes=\"auto, (max-width: 300px) 100vw, 300px\" \/><\/a><p id=\"caption-attachment-368\" class=\"wp-caption-text\">Rideau double peau toute hauteur<\/p><\/div>\n<div id=\"attachment_372\" style=\"width: 310px\" class=\"wp-caption alignleft\"><a href=\"http:\/\/mkoservices.fr\/wp-content\/uploads\/2014\/11\/rideau-s\u00e9parateur-seltz-1.jpg\"><img loading=\"lazy\" decoding=\"async\" aria-describedby=\"caption-attachment-372\" class=\"wp-image-372 size-medium\" src=\"http:\/\/mkoservices.fr\/wp-content\/uploads\/2014\/11\/rideau-s\u00e9parateur-seltz-1-300x212.jpg\" alt=\"rideau s\u00e9parateur seltz 1\" width=\"300\" height=\"212\" srcset=\"https:\/\/mkoservices.fr\/wp-content\/uploads\/2014\/11\/rideau-s\u00e9parateur-seltz-1-300x212.jpg 300w, https:\/\/mkoservices.fr\/wp-content\/uploads\/2014\/11\/rideau-s\u00e9parateur-seltz-1-1024x723.jpg 1024w\" sizes=\"auto, (max-width: 300px) 100vw, 300px\" \/><\/a><p id=\"caption-attachment-372\" class=\"wp-caption-text\">rideau \u00e0 empilement double peau toute hauteur<\/p><\/div>\n<div id=\"attachment_306\" style=\"width: 310px\" class=\"wp-caption alignleft\"><a href=\"http:\/\/mkoservices.fr\/wp-content\/uploads\/2014\/11\/rideau-separateur-e1433779053310.jpg\"><img loading=\"lazy\" decoding=\"async\" aria-describedby=\"caption-attachment-306\" class=\"wp-image-306 size-medium\" src=\"http:\/\/mkoservices.fr\/wp-content\/uploads\/2014\/11\/rideau-separateur-e1433779053310-300x212.jpg\" alt=\"rideau separateur\" width=\"300\" height=\"212\" srcset=\"https:\/\/mkoservices.fr\/wp-content\/uploads\/2014\/11\/rideau-separateur-e1433779053310-300x212.jpg 300w, https:\/\/mkoservices.fr\/wp-content\/uploads\/2014\/11\/rideau-separateur-e1433779053310-1024x723.jpg 1024w\" sizes=\"auto, (max-width: 300px) 100vw, 300px\" \/><\/a><p id=\"caption-attachment-306\" class=\"wp-caption-text\">rideau filet toile double peau \u00e0 empilement<\/p><\/div>\n","protected":false},"excerpt":{"rendered":"<p>Rideau s\u00e9parateur de salle de sport man\u0153uvre \u00e9lectrique: Filet toile \u00e0 empilement Toile toute hauteur \u00e0 empilement, \u00e0 enroulement Toile fixe<\/p>\n","protected":false},"author":1,"featured_media":306,"parent":0,"menu_order":0,"comment_status":"closed","ping_status":"closed","template":"","meta":{"footnotes":""},"class_list":["post-223","page","type-page","status-publish","has-post-thumbnail","hentry"],"_links":{"self":[{"href":"https:\/\/mkoservices.fr\/index.php?rest_route=\/wp\/v2\/pages\/223","targetHints":{"allow":["GET"]}}],"collection":[{"href":"https:\/\/mkoservices.fr\/index.php?rest_route=\/wp\/v2\/pages"}],"about":[{"href":"https:\/\/mkoservices.fr\/index.php?rest_route=\/wp\/v2\/types\/page"}],"author":[{"embeddable":true,"href":"https:\/\/mkoservices.fr\/index.php?rest_route=\/wp\/v2\/users\/1"}],"replies":[{"embeddable":true,"href":"https:\/\/mkoservices.fr\/index.php?rest_route=%2Fwp%2Fv2%2Fcomments&post=223"}],"version-history":[{"count":4,"href":"https:\/\/mkoservices.fr\/index.php?rest_route=\/wp\/v2\/pages\/223\/revisions"}],"predecessor-version":[{"id":377,"href":"https:\/\/mkoservices.fr\/index.php?rest_route=\/wp\/v2\/pages\/223\/revisions\/377"}],"wp:featuredmedia":[{"embeddable":true,"href":"https:\/\/mkoservices.fr\/index.php?rest_route=\/wp\/v2\/media\/306"}],"wp:attachment":[{"href":"https:\/\/mkoservices.fr\/index.php?rest_route=%2Fwp%2Fv2%2Fmedia&parent=223"}],"curies":[{"name":"wp","href":"https:\/\/api.w.org\/{rel}","templated":true}]}}