{"id":151,"date":"2014-11-03T15:40:54","date_gmt":"2014-11-03T14:40:54","guid":{"rendered":"http:\/\/mkoservices.fr\/?page_id=151"},"modified":"2015-11-04T11:14:24","modified_gmt":"2015-11-04T10:14:24","slug":"persiennes","status":"publish","type":"page","link":"https:\/\/mkoservices.fr\/?page_id=151","title":{"rendered":"Persiennes"},"content":{"rendered":"<p>volet persiennes pliantes ou en accord\u00e9on.<\/p>\n<p>lames en pvc \u00e9paisseur 14mm.<\/p>\n<p>Excellente tenue au intemp\u00e9ries.<br \/>\n<a href=\"http:\/\/mkoservices.fr\/wp-content\/uploads\/2014\/11\/Persienne-repliante.jpg\"><img loading=\"lazy\" decoding=\"async\" class=\"alignleft size-medium wp-image-213\" src=\"http:\/\/mkoservices.fr\/wp-content\/uploads\/2014\/11\/Persienne-repliante-300x212.jpg\" alt=\"Persienne repliante\" width=\"300\" height=\"212\" srcset=\"https:\/\/mkoservices.fr\/wp-content\/uploads\/2014\/11\/Persienne-repliante-300x212.jpg 300w, https:\/\/mkoservices.fr\/wp-content\/uploads\/2014\/11\/Persienne-repliante-1024x723.jpg 1024w\" sizes=\"auto, (max-width: 300px) 100vw, 300px\" \/><\/a><a href=\"http:\/\/mkoservices.fr\/wp-content\/uploads\/2014\/11\/Persienne-coulissante.jpg\"><img loading=\"lazy\" decoding=\"async\" class=\"alignleft size-medium wp-image-212\" src=\"http:\/\/mkoservices.fr\/wp-content\/uploads\/2014\/11\/Persienne-coulissante-300x212.jpg\" alt=\"Persienne coulissante\" width=\"300\" height=\"212\" srcset=\"https:\/\/mkoservices.fr\/wp-content\/uploads\/2014\/11\/Persienne-coulissante-300x212.jpg 300w, https:\/\/mkoservices.fr\/wp-content\/uploads\/2014\/11\/Persienne-coulissante-1024x723.jpg 1024w\" sizes=\"auto, (max-width: 300px) 100vw, 300px\" \/><\/a><\/p>\n","protected":false},"excerpt":{"rendered":"<p>volet persiennes pliantes ou en accord\u00e9on. lames en pvc \u00e9paisseur 14mm. Excellente tenue au intemp\u00e9ries.<\/p>\n","protected":false},"author":1,"featured_media":212,"parent":0,"menu_order":0,"comment_status":"closed","ping_status":"closed","template":"","meta":{"footnotes":""},"class_list":["post-151","page","type-page","status-publish","has-post-thumbnail","hentry"],"_links":{"self":[{"href":"https:\/\/mkoservices.fr\/index.php?rest_route=\/wp\/v2\/pages\/151","targetHints":{"allow":["GET"]}}],"collection":[{"href":"https:\/\/mkoservices.fr\/index.php?rest_route=\/wp\/v2\/pages"}],"about":[{"href":"https:\/\/mkoservices.fr\/index.php?rest_route=\/wp\/v2\/types\/page"}],"author":[{"embeddable":true,"href":"https:\/\/mkoservices.fr\/index.php?rest_route=\/wp\/v2\/users\/1"}],"replies":[{"embeddable":true,"href":"https:\/\/mkoservices.fr\/index.php?rest_route=%2Fwp%2Fv2%2Fcomments&post=151"}],"version-history":[{"count":4,"href":"https:\/\/mkoservices.fr\/index.php?rest_route=\/wp\/v2\/pages\/151\/revisions"}],"predecessor-version":[{"id":432,"href":"https:\/\/mkoservices.fr\/index.php?rest_route=\/wp\/v2\/pages\/151\/revisions\/432"}],"wp:featuredmedia":[{"embeddable":true,"href":"https:\/\/mkoservices.fr\/index.php?rest_route=\/wp\/v2\/media\/212"}],"wp:attachment":[{"href":"https:\/\/mkoservices.fr\/index.php?rest_route=%2Fwp%2Fv2%2Fmedia&parent=151"}],"curies":[{"name":"wp","href":"https:\/\/api.w.org\/{rel}","templated":true}]}}