{"id":137,"date":"2014-11-03T15:39:19","date_gmt":"2014-11-03T14:39:19","guid":{"rendered":"http:\/\/mkoservices.fr\/?page_id=137"},"modified":"2015-11-04T10:55:51","modified_gmt":"2015-11-04T09:55:51","slug":"porte-de-garage","status":"publish","type":"page","link":"https:\/\/mkoservices.fr\/?page_id=137","title":{"rendered":"Porte de garage"},"content":{"rendered":"<p>Toute la gamme de porte de garage:<\/p>\n<p>Porte sectionnelle<\/p>\n<p>Porte enroulable<\/p>\n<p>Porte basculante<\/p>\n<p>Porte\u00a0lat\u00e9rale<\/p>\n<p>En version manuelle ou \u00e9lectrique avec t\u00e9l\u00e9commande.<\/p>\n<p>Possibilit\u00e9 de personnalisation de votre porte.<\/p>\n<p><a href=\"http:\/\/mkoservices.fr\/wp-content\/uploads\/2014\/11\/porte-sectionnelle.jpg\"><img loading=\"lazy\" decoding=\"async\" class=\"alignleft size-medium wp-image-419\" src=\"http:\/\/mkoservices.fr\/wp-content\/uploads\/2014\/11\/porte-sectionnelle-300x212.jpg\" alt=\"porte sectionnelle\" width=\"300\" height=\"212\" srcset=\"https:\/\/mkoservices.fr\/wp-content\/uploads\/2014\/11\/porte-sectionnelle-300x212.jpg 300w, https:\/\/mkoservices.fr\/wp-content\/uploads\/2014\/11\/porte-sectionnelle-1024x724.jpg 1024w\" sizes=\"auto, (max-width: 300px) 100vw, 300px\" \/><\/a><\/p>\n<p><a href=\"http:\/\/mkoservices.fr\/wp-content\/uploads\/2014\/11\/porte-lat\u00e9rale.jpg\"><img loading=\"lazy\" decoding=\"async\" class=\"alignleft size-medium wp-image-422\" src=\"http:\/\/mkoservices.fr\/wp-content\/uploads\/2014\/11\/porte-lat\u00e9rale-300x212.jpg\" alt=\"porte lat\u00e9rale\" width=\"300\" height=\"212\" srcset=\"https:\/\/mkoservices.fr\/wp-content\/uploads\/2014\/11\/porte-lat\u00e9rale-300x212.jpg 300w, https:\/\/mkoservices.fr\/wp-content\/uploads\/2014\/11\/porte-lat\u00e9rale-1024x724.jpg 1024w\" sizes=\"auto, (max-width: 300px) 100vw, 300px\" \/><\/a><a href=\"http:\/\/mkoservices.fr\/wp-content\/uploads\/2014\/11\/porte-enroulable.jpg\"><img loading=\"lazy\" decoding=\"async\" class=\"alignleft size-medium wp-image-421\" src=\"http:\/\/mkoservices.fr\/wp-content\/uploads\/2014\/11\/porte-enroulable-300x212.jpg\" alt=\"porte enroulable\" width=\"300\" height=\"212\" srcset=\"https:\/\/mkoservices.fr\/wp-content\/uploads\/2014\/11\/porte-enroulable-300x212.jpg 300w, https:\/\/mkoservices.fr\/wp-content\/uploads\/2014\/11\/porte-enroulable-1024x724.jpg 1024w\" sizes=\"auto, (max-width: 300px) 100vw, 300px\" \/><\/a><\/p>\n<p>&nbsp;<\/p>\n","protected":false},"excerpt":{"rendered":"<p>Toute la gamme de porte de garage: Porte sectionnelle Porte enroulable Porte basculante Porte\u00a0lat\u00e9rale En version manuelle ou \u00e9lectrique avec t\u00e9l\u00e9commande. Possibilit\u00e9 de personnalisation de votre porte. &nbsp;<\/p>\n","protected":false},"author":1,"featured_media":419,"parent":0,"menu_order":0,"comment_status":"closed","ping_status":"closed","template":"","meta":{"footnotes":""},"class_list":["post-137","page","type-page","status-publish","has-post-thumbnail","hentry"],"_links":{"self":[{"href":"https:\/\/mkoservices.fr\/index.php?rest_route=\/wp\/v2\/pages\/137","targetHints":{"allow":["GET"]}}],"collection":[{"href":"https:\/\/mkoservices.fr\/index.php?rest_route=\/wp\/v2\/pages"}],"about":[{"href":"https:\/\/mkoservices.fr\/index.php?rest_route=\/wp\/v2\/types\/page"}],"author":[{"embeddable":true,"href":"https:\/\/mkoservices.fr\/index.php?rest_route=\/wp\/v2\/users\/1"}],"replies":[{"embeddable":true,"href":"https:\/\/mkoservices.fr\/index.php?rest_route=%2Fwp%2Fv2%2Fcomments&post=137"}],"version-history":[{"count":4,"href":"https:\/\/mkoservices.fr\/index.php?rest_route=\/wp\/v2\/pages\/137\/revisions"}],"predecessor-version":[{"id":423,"href":"https:\/\/mkoservices.fr\/index.php?rest_route=\/wp\/v2\/pages\/137\/revisions\/423"}],"wp:featuredmedia":[{"embeddable":true,"href":"https:\/\/mkoservices.fr\/index.php?rest_route=\/wp\/v2\/media\/419"}],"wp:attachment":[{"href":"https:\/\/mkoservices.fr\/index.php?rest_route=%2Fwp%2Fv2%2Fmedia&parent=137"}],"curies":[{"name":"wp","href":"https:\/\/api.w.org\/{rel}","templated":true}]}}