{"id":104,"date":"2014-11-03T15:21:36","date_gmt":"2014-11-03T14:21:36","guid":{"rendered":"http:\/\/mkoservices.fr\/?page_id=104"},"modified":"2015-10-26T15:43:19","modified_gmt":"2015-10-26T14:43:19","slug":"depannage","status":"publish","type":"page","link":"https:\/\/mkoservices.fr\/?page_id=104","title":{"rendered":"D\u00e9pannage"},"content":{"rendered":"<h3><span style=\"text-decoration: underline;\"><strong>Stores, fen\u00eatres, volet roulant, battant, porte de garage, portail&#8230;.<\/strong><\/span><\/h3>\n<p>Remplacement des pi\u00e8ces d\u00e9fectueuses sur fen\u00eatres et volets<\/p>\n<p>Intervention et remise\u00a0 en \u00e9tat rapidement<\/p>\n<p>Mise en s\u00e9curit\u00e9 de l&rsquo;installation<\/p>\n<p>Un seul interlocuteur:<\/p>\n<p>MKO Services<\/p>\n<p>06.59.17.10.24<\/p>\n<h4><\/h4>\n<p>&nbsp;<\/p>\n","protected":false},"excerpt":{"rendered":"<p>Stores, fen\u00eatres, volet roulant, battant, porte de garage, portail&#8230;. Remplacement des pi\u00e8ces d\u00e9fectueuses sur fen\u00eatres et volets Intervention et remise\u00a0 en \u00e9tat rapidement Mise en s\u00e9curit\u00e9 de l&rsquo;installation Un seul interlocuteur: MKO Services 06.59.17.10.24 &nbsp;<\/p>\n","protected":false},"author":1,"featured_media":0,"parent":0,"menu_order":0,"comment_status":"closed","ping_status":"closed","template":"","meta":{"footnotes":""},"class_list":["post-104","page","type-page","status-publish","hentry"],"_links":{"self":[{"href":"https:\/\/mkoservices.fr\/index.php?rest_route=\/wp\/v2\/pages\/104","targetHints":{"allow":["GET"]}}],"collection":[{"href":"https:\/\/mkoservices.fr\/index.php?rest_route=\/wp\/v2\/pages"}],"about":[{"href":"https:\/\/mkoservices.fr\/index.php?rest_route=\/wp\/v2\/types\/page"}],"author":[{"embeddable":true,"href":"https:\/\/mkoservices.fr\/index.php?rest_route=\/wp\/v2\/users\/1"}],"replies":[{"embeddable":true,"href":"https:\/\/mkoservices.fr\/index.php?rest_route=%2Fwp%2Fv2%2Fcomments&post=104"}],"version-history":[{"count":15,"href":"https:\/\/mkoservices.fr\/index.php?rest_route=\/wp\/v2\/pages\/104\/revisions"}],"predecessor-version":[{"id":367,"href":"https:\/\/mkoservices.fr\/index.php?rest_route=\/wp\/v2\/pages\/104\/revisions\/367"}],"wp:attachment":[{"href":"https:\/\/mkoservices.fr\/index.php?rest_route=%2Fwp%2Fv2%2Fmedia&parent=104"}],"curies":[{"name":"wp","href":"https:\/\/api.w.org\/{rel}","templated":true}]}}